{"id":44730,"date":"2025-03-17T14:56:43","date_gmt":"2025-03-17T14:56:43","guid":{"rendered":"https:\/\/renaultcluj.ro\/?page_id=44730"},"modified":"2025-03-17T14:58:15","modified_gmt":"2025-03-17T14:58:15","slug":"oferte-rabla","status":"publish","type":"page","link":"https:\/\/renaultcluj.ro\/renault-cluj\/oferte-rabla\/","title":{"rendered":"Oferte Rabla"},"content":{"rendered":"<div class=\"wpb-content-wrapper\"><p>[vc_row][vc_column][vc_empty_space][vc_single_image image=&#8221;44438&#8243; img_size=&#8221;full&#8221; alignment=&#8221;center&#8221; onclick=&#8221;custom_link&#8221; link=&#8221;https:\/\/www.renault.ro\/autoturisme\/austral.html&#8221;][vc_empty_space][vc_column_text]<\/p>\n<h2 class=\"Component4v0__title\" style=\"text-align: center;\">DESCOPER\u0102 GAMA DE AUTOVEHICULE RENAULT<\/h2>\n<p>[\/vc_column_text][\/vc_column][\/vc_row][vc_row][vc_column width=&#8221;1\/3&#8243;][vc_text_separator title=&#8221;Autoturisme personale&#8221; color=&#8221;blue&#8221; border_width=&#8221;3&#8243; css=&#8221;&#8221;]<section class=\"shortcode-teaser img-full\"><div class=\"shortcode-teaser-img\"><a class=\"layzr-bg rollover\" href=\"https:\/\/renaultcluj.ro\/autoturisme-personale\/\" target=\"_blank\"><img loading=\"lazy\" decoding=\"async\" class=\"lazy-load\" src=\"data:image\/svg+xml;charset=utf-8,%3Csvg xmlns%3D&#039;http%3A%2F%2Fwww.w3.org%2F2000%2Fsvg&#039; viewBox%3D&#039;0 0 1270 709&#039;%2F%3E\" width=\"1270\" height=\"709\" data-srcset=\"https:\/\/renaultcluj.ro\/wp-content\/uploads\/2025\/03\/autoturisme-1.jpg 1270w\" data-src=\"https:\/\/renaultcluj.ro\/wp-content\/uploads\/2025\/03\/autoturisme-1.jpg\" \/><\/a><\/div><div class=\"shortcode-teaser-content text-big\"><p style=\"text-align: center;\"><style type=\"text\/css\">#dt-btn-1 {color: #2D4191;border-color: #2D4191;}#dt-btn-1 > .text-wrap * {color: #2D4191;}#dt-btn-1:hover {color: #333333;border-color: #333333;}#dt-btn-1:hover > .text-wrap * {color: #333333;}<\/style><a href=\"http:\/\/renaultcluj.ro\/solicitare-informatii\/\" class=\"btn-shortcode dt-btn-m dt-btn outline-btn custom-btn-color custom-btn-hover-color fadeIn animate-element animation-builder\" id=\"dt-btn-1\"><i class=\"fa fa-chevron-circle-right\"><\/i><span>SOLICITARE INFORMATII<\/span><\/a><\/p>\n<p style=\"text-align: center;\"><a href=\"https:\/\/renaultcluj.ro\/autoturisme-personale\/\" class=\"btn-shortcode dt-btn-m dt-btn default-btn-color default-btn-hover-color default-btn-bg-color default-btn-bg-hover-color fadeIn animate-element animation-builder\" id=\"dt-btn-2\"><i class=\"fa fa-chevron-circle-right\"><\/i><span>Mai multe detalii<\/span><\/a><\/p>\n<\/div><\/section>[vc_empty_space height=&#8221;20px&#8221;][\/vc_column][vc_column width=&#8221;1\/3&#8243;][vc_text_separator title=&#8221;Modele electrice si hibride&#8221; color=&#8221;blue&#8221; border_width=&#8221;3&#8243; css=&#8221;&#8221;]<section class=\"shortcode-teaser img-full\"><div class=\"shortcode-teaser-img\"><a class=\"layzr-bg rollover\" href=\"https:\/\/renaultcluj.ro\/modele-electrice-si-hibride\/\" target=\"_blank\"><img loading=\"lazy\" decoding=\"async\" class=\"lazy-load\" src=\"data:image\/svg+xml;charset=utf-8,%3Csvg xmlns%3D&#039;http%3A%2F%2Fwww.w3.org%2F2000%2Fsvg&#039; viewBox%3D&#039;0 0 1664 873&#039;%2F%3E\" width=\"1664\" height=\"873\" data-srcset=\"https:\/\/renaultcluj.ro\/wp-content\/uploads\/2025\/03\/electrice-2-1.jpg 1664w\" data-src=\"https:\/\/renaultcluj.ro\/wp-content\/uploads\/2025\/03\/electrice-2-1.jpg\" \/><\/a><\/div><div class=\"shortcode-teaser-content text-big\"><p style=\"text-align: center;\"><style type=\"text\/css\">#dt-btn-3 {color: #2D4191;border-color: #2D4191;}#dt-btn-3 > .text-wrap * {color: #2D4191;}#dt-btn-3:hover {color: #333333;border-color: #333333;}#dt-btn-3:hover > .text-wrap * {color: #333333;}<\/style><a href=\"http:\/\/renaultcluj.ro\/solicitare-informatii\/\" class=\"btn-shortcode dt-btn-m dt-btn outline-btn custom-btn-color custom-btn-hover-color fadeIn animate-element animation-builder\" id=\"dt-btn-3\"><i class=\"fa fa-chevron-circle-right\"><\/i><span>SOLICITARE INFORMATII<\/span><\/a><\/p>\n<p style=\"text-align: center;\"><a href=\"https:\/\/renaultcluj.ro\/modele-electrice-si-hibride\/\" class=\"btn-shortcode dt-btn-m dt-btn default-btn-color default-btn-hover-color default-btn-bg-color default-btn-bg-hover-color fadeIn animate-element animation-builder\" id=\"dt-btn-4\"><i class=\"fa fa-chevron-circle-right\"><\/i><span>Mai multe detalii<\/span><\/a><\/p>\n<\/div><\/section>[vc_empty_space height=&#8221;20px&#8221;][\/vc_column][vc_column width=&#8221;1\/3&#8243;][vc_text_separator title=&#8221;Vehicule utilitare&#8221; color=&#8221;blue&#8221; border_width=&#8221;3&#8243; css=&#8221;&#8221;]<section class=\"shortcode-teaser img-full\"><div class=\"shortcode-teaser-img\"><a class=\"layzr-bg rollover\" href=\"https:\/\/renaultcluj.ro\/vehicule-utilitare\/\" target=\"_blank\"><img loading=\"lazy\" decoding=\"async\" class=\"lazy-load\" src=\"data:image\/svg+xml;charset=utf-8,%3Csvg xmlns%3D&#039;http%3A%2F%2Fwww.w3.org%2F2000%2Fsvg&#039; viewBox%3D&#039;0 0 1500 873&#039;%2F%3E\" width=\"1500\" height=\"873\" data-srcset=\"https:\/\/renaultcluj.ro\/wp-content\/uploads\/2025\/03\/autoutilitare-1.jpg 1500w\" data-src=\"https:\/\/renaultcluj.ro\/wp-content\/uploads\/2025\/03\/autoutilitare-1.jpg\" \/><\/a><\/div><div class=\"shortcode-teaser-content text-big\"><p style=\"text-align: center;\"><style type=\"text\/css\">#dt-btn-5 {color: #2D4191;border-color: #2D4191;}#dt-btn-5 > .text-wrap * {color: #2D4191;}#dt-btn-5:hover {color: #333333;border-color: #333333;}#dt-btn-5:hover > .text-wrap * {color: #333333;}<\/style><a href=\"http:\/\/renaultcluj.ro\/solicitare-informatii\/\" class=\"btn-shortcode dt-btn-m dt-btn outline-btn custom-btn-color custom-btn-hover-color fadeIn animate-element animation-builder\" id=\"dt-btn-5\"><i class=\"fa fa-chevron-circle-right\"><\/i><span>SOLICITARE INFORMATII<\/span><\/a><\/p>\n<p style=\"text-align: center;\"><a href=\"https:\/\/renaultcluj.ro\/vehicule-utilitare\/\" class=\"btn-shortcode dt-btn-m dt-btn default-btn-color default-btn-hover-color default-btn-bg-color default-btn-bg-hover-color fadeIn animate-element animation-builder\" id=\"dt-btn-6\"><i class=\"fa fa-chevron-circle-right\"><\/i><span>Mai multe detalii<\/span><\/a><\/p>\n<\/div><\/section>[vc_empty_space height=&#8221;20px&#8221;][\/vc_column][\/vc_row][vc_row][vc_column width=&#8221;1\/2&#8243;][vc_empty_space height=&#8221;20px&#8221;][vc_single_image image=&#8221;43856&#8243; img_size=&#8221;full&#8221; alignment=&#8221;center&#8221; style=&#8221;vc_box_shadow_3d&#8221;][\/vc_column][vc_column width=&#8221;1\/2&#8243;][vc_text_separator title=&#8221;Despre noi&#8221; color=&#8221;blue&#8221; border_width=&#8221;3&#8243;][vc_empty_space height=&#8221;1px&#8221;][vc_column_text]<strong>TI Suerom Auto <\/strong>acord\u0103 o importan\u021b\u0103 deosebit\u0103 calit\u0103\u021bii. Interesul nostru pe termen lung este identic cu interesul clien\u021bilor: produse \u0219i servicii de cea mai bun\u0103 calitate \u0219i un grad c\u00e2t mai \u00eenalt de satisfac\u021bie a clientilor. Fidelitatea fa\u021b\u0103 de\u00a0 principiul calit\u0103\u021bii este dovedit\u0103 \u0219i de <strong>certificatul ISO 9001:2015 \u00een domeniul v\u00e2nz\u0103rii de autoturisme noi \u0219i second hand, piese de schimb auto, lucr\u0103ri de service auto \u0219i depanare auto.<\/strong><\/p>\n<p><a href=\"http:\/\/renaultcluj.ro\/wp-content\/uploads\/2021\/03\/30796ms_en_ro_06.pdf\" target=\"_blank\" rel=\"noopener noreferrer\">Certificatul ISO 9001:2015<\/a> atribuit de T\u00dcV S\u00dcD MANAGEMENT SERVICE GmbH conform procedurii T\u00dcV CERT \u00eenseamn\u0103 o aten\u021bie sporit\u0103 fa\u021b\u0103 de cerin\u021bele clien\u021bilor, o preg\u0103tire mai bun\u0103 a personalului, o echip\u0103 mai puternic\u0103, reguli mai clare, piese de origine, scule \u0219i dispozitive moderne \u2013 pe scurt, profesionalism f\u0103r\u0103 compromisuri.[\/vc_column_text][\/vc_column][\/vc_row][vc_row][vc_column][vc_single_image image=&#8221;44622&#8243; img_size=&#8221;full&#8221; alignment=&#8221;center&#8221; onclick=&#8221;custom_link&#8221; link=&#8221;https:\/\/anpc.ro\/&#8221;][\/vc_column][\/vc_row]<\/p>\n<\/div>","protected":false},"excerpt":{"rendered":"<p>[vc_row][vc_column][vc_empty_space][vc_single_image image=&#8221;44438&#8243; img_size=&#8221;full&#8221; alignment=&#8221;center&#8221; onclick=&#8221;custom_link&#8221; link=&#8221;https:\/\/www.renault.ro\/autoturisme\/austral.html&#8221;][vc_empty_space][vc_column_text] DESCOPER\u0102 GAMA DE AUTOVEHICULE RENAULT [\/vc_column_text][\/vc_column][\/vc_row][vc_row][vc_column width=&#8221;1\/3&#8243;][vc_text_separator title=&#8221;Autoturisme personale&#8221; color=&#8221;blue&#8221; border_width=&#8221;3&#8243; css=&#8221;&#8221;][vc_empty_space height=&#8221;20px&#8221;][\/vc_column][vc_column width=&#8221;1\/3&#8243;][vc_text_separator title=&#8221;Modele electrice si hibride&#8221; color=&#8221;blue&#8221; border_width=&#8221;3&#8243; css=&#8221;&#8221;][vc_empty_space height=&#8221;20px&#8221;][\/vc_column][vc_column width=&#8221;1\/3&#8243;][vc_text_separator title=&#8221;Vehicule utilitare&#8221; color=&#8221;blue&#8221; border_width=&#8221;3&#8243; css=&#8221;&#8221;][vc_empty_space height=&#8221;20px&#8221;][\/vc_column][\/vc_row][vc_row][vc_column width=&#8221;1\/2&#8243;][vc_empty_space height=&#8221;20px&#8221;][vc_single_image image=&#8221;43856&#8243; img_size=&#8221;full&#8221; alignment=&#8221;center&#8221; style=&#8221;vc_box_shadow_3d&#8221;][\/vc_column][vc_column width=&#8221;1\/2&#8243;][vc_text_separator title=&#8221;Despre noi&#8221; color=&#8221;blue&#8221; border_width=&#8221;3&#8243;][vc_empty_space height=&#8221;1px&#8221;][vc_column_text]TI Suerom Auto acord\u0103 o importan\u021b\u0103 deosebit\u0103 calit\u0103\u021bii. Interesul&hellip;<\/p>\n","protected":false},"author":1,"featured_media":44091,"parent":0,"menu_order":0,"comment_status":"closed","ping_status":"closed","template":"","meta":{"footnotes":""},"class_list":["post-44730","page","type-page","status-publish","has-post-thumbnail","hentry","description-off"],"_links":{"self":[{"href":"https:\/\/renaultcluj.ro\/renault-cluj\/wp-json\/wp\/v2\/pages\/44730","targetHints":{"allow":["GET"]}}],"collection":[{"href":"https:\/\/renaultcluj.ro\/renault-cluj\/wp-json\/wp\/v2\/pages"}],"about":[{"href":"https:\/\/renaultcluj.ro\/renault-cluj\/wp-json\/wp\/v2\/types\/page"}],"author":[{"embeddable":true,"href":"https:\/\/renaultcluj.ro\/renault-cluj\/wp-json\/wp\/v2\/users\/1"}],"replies":[{"embeddable":true,"href":"https:\/\/renaultcluj.ro\/renault-cluj\/wp-json\/wp\/v2\/comments?post=44730"}],"version-history":[{"count":3,"href":"https:\/\/renaultcluj.ro\/renault-cluj\/wp-json\/wp\/v2\/pages\/44730\/revisions"}],"predecessor-version":[{"id":44734,"href":"https:\/\/renaultcluj.ro\/renault-cluj\/wp-json\/wp\/v2\/pages\/44730\/revisions\/44734"}],"wp:featuredmedia":[{"embeddable":true,"href":"https:\/\/renaultcluj.ro\/renault-cluj\/wp-json\/wp\/v2\/media\/44091"}],"wp:attachment":[{"href":"https:\/\/renaultcluj.ro\/renault-cluj\/wp-json\/wp\/v2\/media?parent=44730"}],"curies":[{"name":"wp","href":"https:\/\/api.w.org\/{rel}","templated":true}]}}