{"id":43310,"date":"2016-08-12T06:13:19","date_gmt":"2016-08-12T06:13:19","guid":{"rendered":"http:\/\/renaultcluj.ro\/?page_id=43310"},"modified":"2025-09-03T12:31:35","modified_gmt":"2025-09-03T12:31:35","slug":"termenii-si-conditiile-privind-prelucrarea-datelor-personale","status":"publish","type":"page","link":"https:\/\/renaultcluj.ro\/renault-cluj\/termenii-si-conditiile-privind-prelucrarea-datelor-personale\/","title":{"rendered":"Termenii \u0219i condi\u021biile privind prelucrarea datelor personale"},"content":{"rendered":"<div class=\"wpb-content-wrapper\"><p>[vc_row][vc_column][vc_column_text]TI Suerom Auto garanteaz\u0103 confiden\u021bialitatea datelor personale colectate \u00een timpul vizit\u0103rii de c\u0103tre dvs. a paginilor sale Web, \u00een concordan\u021b\u0103 cu legisla\u021bia rom\u00e2n\u0103 \u0219i european\u0103 \u00een vigoare. TI Suerom Auto prelucreaz\u0103 datele cu caracter personal furnizate de dumneavoastr\u0103, pentru contactarea prin email, mesaje text sau telefon, \u00een leg\u0103tur\u0103 cu oferte de produse \u0219i\/sau servicii solicitate explicit de dvs., sau \u00een vederea determin\u0103rii ulterioare a gradului dvs. de satisfac\u021bie, conform prevederilor Legii 677\/2001 \u0219i ale Regulamentului UE 2016\/679.[\/vc_column_text][\/vc_column][\/vc_row]<\/p>\n<\/div>","protected":false},"excerpt":{"rendered":"<p>[vc_row][vc_column][vc_column_text]TI Suerom Auto garanteaz\u0103 confiden\u021bialitatea datelor personale colectate \u00een timpul vizit\u0103rii de c\u0103tre dvs. a paginilor sale Web, \u00een concordan\u021b\u0103 cu legisla\u021bia rom\u00e2n\u0103 \u0219i european\u0103 \u00een vigoare. TI Suerom Auto prelucreaz\u0103 datele cu caracter personal furnizate de dumneavoastr\u0103, pentru contactarea prin email, mesaje text sau telefon, \u00een leg\u0103tur\u0103 cu oferte de produse \u0219i\/sau servicii solicitate&hellip;<\/p>\n","protected":false},"author":1,"featured_media":0,"parent":0,"menu_order":0,"comment_status":"closed","ping_status":"closed","template":"","meta":{"footnotes":""},"class_list":["post-43310","page","type-page","status-publish","hentry","description-off"],"_links":{"self":[{"href":"https:\/\/renaultcluj.ro\/renault-cluj\/wp-json\/wp\/v2\/pages\/43310","targetHints":{"allow":["GET"]}}],"collection":[{"href":"https:\/\/renaultcluj.ro\/renault-cluj\/wp-json\/wp\/v2\/pages"}],"about":[{"href":"https:\/\/renaultcluj.ro\/renault-cluj\/wp-json\/wp\/v2\/types\/page"}],"author":[{"embeddable":true,"href":"https:\/\/renaultcluj.ro\/renault-cluj\/wp-json\/wp\/v2\/users\/1"}],"replies":[{"embeddable":true,"href":"https:\/\/renaultcluj.ro\/renault-cluj\/wp-json\/wp\/v2\/comments?post=43310"}],"version-history":[{"count":3,"href":"https:\/\/renaultcluj.ro\/renault-cluj\/wp-json\/wp\/v2\/pages\/43310\/revisions"}],"predecessor-version":[{"id":43965,"href":"https:\/\/renaultcluj.ro\/renault-cluj\/wp-json\/wp\/v2\/pages\/43310\/revisions\/43965"}],"wp:attachment":[{"href":"https:\/\/renaultcluj.ro\/renault-cluj\/wp-json\/wp\/v2\/media?parent=43310"}],"curies":[{"name":"wp","href":"https:\/\/api.w.org\/{rel}","templated":true}]}}