{"id":30260,"date":"2014-10-22T08:30:57","date_gmt":"2014-10-22T08:30:57","guid":{"rendered":"http:\/\/the7.dream-demo.com\/?page_id=30260"},"modified":"2025-09-08T14:10:47","modified_gmt":"2025-09-08T14:10:47","slug":"1-presentation","status":"publish","type":"page","link":"https:\/\/renaultcluj.ro\/renault-cluj\/","title":{"rendered":"Home"},"content":{"rendered":"<div class=\"wpb-content-wrapper\"><p>[vc_row][vc_column][vc_empty_space][vc_single_image image=&#8221;44859&#8243; img_size=&#8221;full&#8221; alignment=&#8221;center&#8221; onclick=&#8221;custom_link&#8221; css=&#8221;&#8221; link=&#8221;https:\/\/www.renault.ro\/promotii-rabla-vehicule-de-persoane.html&#8221;][vc_empty_space][\/vc_column][\/vc_row][vc_row][vc_column][vc_column_text css=&#8221;&#8221;]<\/p>\n<h2 class=\"Component4v0__title\" style=\"text-align: center;\"><span style=\"font-family: nouvelr-regular;\">DESCOPER\u0102 GAMA DE AUTOVEHICULE RENAULT<\/span><\/h2>\n<p>[\/vc_column_text][\/vc_column][\/vc_row][vc_row][vc_column width=&#8221;1\/3&#8243;]<section class=\"shortcode-teaser img-full\"><div class=\"shortcode-teaser-img\"><a class=\"layzr-bg\" href=\"https:\/\/renaultcluj.ro\/renault-cluj\/autoturisme-personale\/\" target=\"_blank\"><img loading=\"lazy\" decoding=\"async\" class=\"lazy-load\" src=\"data:image\/svg+xml;charset=utf-8,%3Csvg xmlns%3D&#039;http%3A%2F%2Fwww.w3.org%2F2000%2Fsvg&#039; viewBox%3D&#039;0 0 1500 873&#039;%2F%3E\" width=\"1500\" height=\"873\" data-srcset=\"https:\/\/renaultcluj.ro\/wp-content\/uploads\/2025\/09\/autoturisme-1-redimensionata-la-1500x873-1.jpeg 1500w\" data-src=\"https:\/\/renaultcluj.ro\/wp-content\/uploads\/2025\/09\/autoturisme-1-redimensionata-la-1500x873-1.jpeg\" \/><\/a><\/div><div class=\"shortcode-teaser-content text-big\"><h4 style=\"text-align: center;\"><span style=\"font-family: nouvelr-regular; font-size: 14pt;\">Autoturisme personale<\/span><\/h4>\n<\/div><\/section>\n\t\t\t<div class=\"ult_dual_button  ult-adjust-bottom-margin to-center  \"  data-response=\"on\" id=\"ult_btn_669332592\">\n\n\t\t\t<div id=\"dualbtn-3418\" class=\"ulitmate_dual_buttons ult-dual-btn ult_main_dualbtn \" data-bcolor=\"#333333\"data-bhcolor=\"\">\n\n\t\t\t<div class=\"ult_dualbutton-wrapper btn-inline place-template bt1 \"><a href=\"https:\/\/renaultcluj.ro\/renault-cluj\/autoturisme-personale\/\"  class=\"ult_ivan_button round-square with-icon icon-before with-text place-template ult_dual1\" style=\";margin-right:px;;background-color:#000000 !important;; border-color:#333333;border-style:;border-width:0px;border-radius:px;;\">\n\t\t\t<span class=\"ult-dual-btn-1 Style 1\" style=\"\"  data-bgcolor=\"#000000\" data-bghovercolor=\"#EFDF00\" data-icon_color=\"#333333\" data-icon_hover_color=\"#333333\" data-textcolor=\"#FFFFFF\" data-texthovercolor=\"#000000\" data-iconbgcolor=\"transperent\" data-iconbghovercolor=\"transperent\" data-iconborder=\"transperent\" data-iconhoverborder=\"transperent\" >\n\t\t\t<span class=\"icon-simple icon-left1 ult_btn1span ult-dual-btn-no-icon\"  style=\";padding-left:0px; \"><\/span>\n\t\t\t<span class=\"text-btn ult-dual-button-title ult-responsive\"  data-ultimate-target='#dualbtn-3418 .ult-dual-button-title'  data-responsive-json-new='{\"font-size\":\"desktop:15px;\",\"line-height\":\"desktop:15px;\"}'  style=\"font-weight:normal;color:#FFFFFF;\">VEZI OFERTA<\/span>\n\n\t\t\t<\/span>\n\t\t\t<\/a><span class=\"middle-text\" style=\"line-height: 1.8em;color:#ffffff;background-color:#000000;border-width:0px;\">\n\t\t\t<span class=\"middle-inner\"  >or<\/span>\n\t\t\t<\/span>\n\n\t\t\t<\/div>\n\n\t\t\t<div class=\"ult_dualbutton-wrapper btn-inline place-template btn2 \"><a href=\"https:\/\/renaultcluj.ro\/renault-cluj\/solicitare-informatii\/\"  class=\"ult_ivan_button round-square with-icon icon-after with-text place-template ult_dual2\"  style=\";background-color:#EFDF00 !important;;margin-left:px;;border-color:#333333;border-style:;border-width:0px;border-radius:px;\">\n\t\t\t<span class=\"ult-dual-btn-2 Style 1\"  data-bgcolor=\"#EFDF00\" data-bghovercolor=\"#FFFFFF\" data-icon_color=\"#333333\" data-icon_hover_color=\"#333333\" data-textcolor=\"#000000\" data-texthovercolor=\"#000000\" data-iconbgcolor=\"transperent\" data-iconbghovercolor=\"transperent\" data-iconborder=\"transperent\" data-iconhoverborder=\"transperent\" >\n\t\t\t<span class=\"text-btn ult-dual-button-title\" style=\"font-weight:normal;color:#000000;\">VREAU OFERTA<\/span>\n\n\t\t\t<span class=\"icon-simple icon-right2 ult_btn1span ult-dual-btn-no-icon\"  style=\";padding-left:0px; \"><\/span>\n\t\t\t<\/span>\n\t\t\t<\/a><\/div>\n\t\t\t<\/div>\n\t\t\t<\/div>[\/vc_column][vc_column width=&#8221;1\/3&#8243;]<section class=\"shortcode-teaser img-full\"><div class=\"shortcode-teaser-img\"><a class=\"layzr-bg\" href=\"https:\/\/renaultcluj.ro\/renault-cluj\/modele-electrice-si-hibride\/\" target=\"_blank\"><img loading=\"lazy\" decoding=\"async\" class=\"lazy-load\" src=\"data:image\/svg+xml;charset=utf-8,%3Csvg xmlns%3D&#039;http%3A%2F%2Fwww.w3.org%2F2000%2Fsvg&#039; viewBox%3D&#039;0 0 1500 873&#039;%2F%3E\" width=\"1500\" height=\"873\" data-srcset=\"https:\/\/renaultcluj.ro\/wp-content\/uploads\/2025\/09\/electrice-2-1-redimensionata-la-1500x873-1.jpeg 1500w\" data-src=\"https:\/\/renaultcluj.ro\/wp-content\/uploads\/2025\/09\/electrice-2-1-redimensionata-la-1500x873-1.jpeg\" \/><\/a><\/div><div class=\"shortcode-teaser-content text-big\"><h4 style=\"text-align: center;\"><span style=\"font-family: nouvelr-regular; font-size: 14pt;\">Modele electrice<\/span><\/h4>\n<\/div><\/section>\n\t\t\t<div class=\"ult_dual_button  ult-adjust-bottom-margin to-center  \"  data-response=\"on\" id=\"ult_btn_3909914585\">\n\n\t\t\t<div id=\"dualbtn-6094\" class=\"ulitmate_dual_buttons ult-dual-btn ult_main_dualbtn \" data-bcolor=\"#333333\"data-bhcolor=\"\">\n\n\t\t\t<div class=\"ult_dualbutton-wrapper btn-inline place-template bt1 \"><a href=\"https:\/\/renaultcluj.ro\/renault-cluj\/modele-electrice-si-hibride\/\"  class=\"ult_ivan_button round-square with-icon icon-before with-text place-template ult_dual1\" style=\";margin-right:px;;background-color:#000000 !important;; border-color:#333333;border-style:;border-width:0px;border-radius:px;;\">\n\t\t\t<span class=\"ult-dual-btn-1 Style 1\" style=\"\"  data-bgcolor=\"#000000\" data-bghovercolor=\"#EFDF00\" data-icon_color=\"#333333\" data-icon_hover_color=\"#333333\" data-textcolor=\"#FFFFFF\" data-texthovercolor=\"#000000\" data-iconbgcolor=\"transperent\" data-iconbghovercolor=\"transperent\" data-iconborder=\"transperent\" data-iconhoverborder=\"transperent\" >\n\t\t\t<span class=\"icon-simple icon-left1 ult_btn1span ult-dual-btn-no-icon\"  style=\";padding-left:0px; \"><\/span>\n\t\t\t<span class=\"text-btn ult-dual-button-title ult-responsive\"  data-ultimate-target='#dualbtn-6094 .ult-dual-button-title'  data-responsive-json-new='{\"font-size\":\"desktop:15px;\",\"line-height\":\"desktop:15px;\"}'  style=\"font-weight:normal;color:#FFFFFF;\">VEZI OFERTA<\/span>\n\n\t\t\t<\/span>\n\t\t\t<\/a><span class=\"middle-text\" style=\"line-height: 1.8em;color:#ffffff;background-color:#000000;border-width:0px;\">\n\t\t\t<span class=\"middle-inner\"  >or<\/span>\n\t\t\t<\/span>\n\n\t\t\t<\/div>\n\n\t\t\t<div class=\"ult_dualbutton-wrapper btn-inline place-template btn2 \"><a href=\"https:\/\/renaultcluj.ro\/renault-cluj\/solicitare-informatii\/\"  class=\"ult_ivan_button round-square with-icon icon-after with-text place-template ult_dual2\"  style=\";background-color:#EFDF00 !important;;margin-left:px;;border-color:#333333;border-style:;border-width:0px;border-radius:px;\">\n\t\t\t<span class=\"ult-dual-btn-2 Style 1\"  data-bgcolor=\"#EFDF00\" data-bghovercolor=\"#FFFFFF\" data-icon_color=\"#333333\" data-icon_hover_color=\"#333333\" data-textcolor=\"#000000\" data-texthovercolor=\"#000000\" data-iconbgcolor=\"transperent\" data-iconbghovercolor=\"transperent\" data-iconborder=\"transperent\" data-iconhoverborder=\"transperent\" >\n\t\t\t<span class=\"text-btn ult-dual-button-title\" style=\"font-weight:normal;color:#000000;\">VREAU OFERTA<\/span>\n\n\t\t\t<span class=\"icon-simple icon-right2 ult_btn1span ult-dual-btn-no-icon\"  style=\";padding-left:0px; \"><\/span>\n\t\t\t<\/span>\n\t\t\t<\/a><\/div>\n\t\t\t<\/div>\n\t\t\t<\/div>[\/vc_column][vc_column width=&#8221;1\/3&#8243;]<section class=\"shortcode-teaser img-full\"><div class=\"shortcode-teaser-img\"><a class=\"layzr-bg\" href=\"https:\/\/renaultcluj.ro\/renault-cluj\/vehicule-utilitare\/\" target=\"_blank\"><img loading=\"lazy\" decoding=\"async\" class=\"lazy-load\" src=\"data:image\/svg+xml;charset=utf-8,%3Csvg xmlns%3D&#039;http%3A%2F%2Fwww.w3.org%2F2000%2Fsvg&#039; viewBox%3D&#039;0 0 1500 873&#039;%2F%3E\" width=\"1500\" height=\"873\" data-srcset=\"https:\/\/renaultcluj.ro\/wp-content\/uploads\/2025\/03\/autoutilitare-1.jpg 1500w\" data-src=\"https:\/\/renaultcluj.ro\/wp-content\/uploads\/2025\/03\/autoutilitare-1.jpg\" \/><\/a><\/div><div class=\"shortcode-teaser-content text-big\"><h4 style=\"text-align: center;\"><span style=\"font-family: nouvelr-regular; font-size: 14pt;\">Vehicule utilitare<\/span><\/h4>\n<\/div><\/section>\n\t\t\t<div class=\"ult_dual_button  ult-adjust-bottom-margin to-center  \"  data-response=\"on\" id=\"ult_btn_452625595\">\n\n\t\t\t<div id=\"dualbtn-9410\" class=\"ulitmate_dual_buttons ult-dual-btn ult_main_dualbtn \" data-bcolor=\"#333333\"data-bhcolor=\"\">\n\n\t\t\t<div class=\"ult_dualbutton-wrapper btn-inline place-template bt1 \"><a href=\"https:\/\/renaultcluj.ro\/renault-cluj\/vehicule-utilitare\/\"  class=\"ult_ivan_button round-square with-icon icon-before with-text place-template ult_dual1\" style=\";margin-right:px;;background-color:#000000 !important;; border-color:#333333;border-style:;border-width:0px;border-radius:px;;\">\n\t\t\t<span class=\"ult-dual-btn-1 Style 1\" style=\"\"  data-bgcolor=\"#000000\" data-bghovercolor=\"#EFDF00\" data-icon_color=\"#333333\" data-icon_hover_color=\"#333333\" data-textcolor=\"#FFFFFF\" data-texthovercolor=\"#000000\" data-iconbgcolor=\"transperent\" data-iconbghovercolor=\"transperent\" data-iconborder=\"transperent\" data-iconhoverborder=\"transperent\" >\n\t\t\t<span class=\"icon-simple icon-left1 ult_btn1span ult-dual-btn-no-icon\"  style=\";padding-left:0px; \"><\/span>\n\t\t\t<span class=\"text-btn ult-dual-button-title ult-responsive\"  data-ultimate-target='#dualbtn-9410 .ult-dual-button-title'  data-responsive-json-new='{\"font-size\":\"desktop:15px;\",\"line-height\":\"desktop:15px;\"}'  style=\"font-weight:normal;color:#FFFFFF;\">VEZI OFERTA<\/span>\n\n\t\t\t<\/span>\n\t\t\t<\/a><span class=\"middle-text\" style=\"line-height: 1.8em;color:#ffffff;background-color:#000000;border-width:0px;\">\n\t\t\t<span class=\"middle-inner\"  >or<\/span>\n\t\t\t<\/span>\n\n\t\t\t<\/div>\n\n\t\t\t<div class=\"ult_dualbutton-wrapper btn-inline place-template btn2 \"><a href=\"https:\/\/renaultcluj.ro\/renault-cluj\/solicitare-informatii\/\"  class=\"ult_ivan_button round-square with-icon icon-after with-text place-template ult_dual2\"  style=\";background-color:#EFDF00 !important;;margin-left:px;;border-color:#333333;border-style:;border-width:0px;border-radius:px;\">\n\t\t\t<span class=\"ult-dual-btn-2 Style 1\"  data-bgcolor=\"#EFDF00\" data-bghovercolor=\"#FFFFFF\" data-icon_color=\"#333333\" data-icon_hover_color=\"#333333\" data-textcolor=\"#000000\" data-texthovercolor=\"#000000\" data-iconbgcolor=\"transperent\" data-iconbghovercolor=\"transperent\" data-iconborder=\"transperent\" data-iconhoverborder=\"transperent\" >\n\t\t\t<span class=\"text-btn ult-dual-button-title\" style=\"font-weight:normal;color:#000000;\">VREAU OFERTA<\/span>\n\n\t\t\t<span class=\"icon-simple icon-right2 ult_btn1span ult-dual-btn-no-icon\"  style=\";padding-left:0px; \"><\/span>\n\t\t\t<\/span>\n\t\t\t<\/a><\/div>\n\t\t\t<\/div>\n\t\t\t<\/div>[\/vc_column][\/vc_row][vc_row][vc_column width=&#8221;1\/2&#8243;][vc_empty_space height=&#8221;20px&#8221;][vc_single_image image=&#8221;44738&#8243; img_size=&#8221;full&#8221; alignment=&#8221;center&#8221; style=&#8221;vc_box_shadow_3d&#8221; css=&#8221;&#8221;][\/vc_column][vc_column width=&#8221;1\/2&#8243;][vc_empty_space height=&#8221;40px&#8221;][vc_column_text css=&#8221;&#8221;]<\/p>\n<h3 style=\"text-align: center;\"><span style=\"font-family: nouvelr-regular; color: #000000;\">Despre noi<\/span><\/h3>\n<p>&nbsp;<\/p>\n<p><span style=\"font-family: nouvelr-regular; color: #000000;\"><strong>TI Suerom Auto <\/strong>acord\u0103 o importan\u021b\u0103 deosebit\u0103 calit\u0103\u021bii. Interesul nostru pe termen lung este identic cu interesul clien\u021bilor: produse \u0219i servicii de cea mai bun\u0103 calitate \u0219i un grad c\u00e2t mai \u00eenalt de satisfac\u021bie a clientilor.\u00a0<\/span>[\/vc_column_text][\/vc_column][\/vc_row]<\/p>\n<\/div>","protected":false},"excerpt":{"rendered":"<p>[vc_row][vc_column][vc_empty_space][vc_single_image image=&#8221;44859&#8243; img_size=&#8221;full&#8221; alignment=&#8221;center&#8221; onclick=&#8221;custom_link&#8221; css=&#8221;&#8221; link=&#8221;https:\/\/www.renault.ro\/promotii-rabla-vehicule-de-persoane.html&#8221;][vc_empty_space][\/vc_column][\/vc_row][vc_row][vc_column][vc_column_text css=&#8221;&#8221;] DESCOPER\u0102 GAMA DE AUTOVEHICULE RENAULT [\/vc_column_text][\/vc_column][\/vc_row][vc_row][vc_column width=&#8221;1\/3&#8243;][\/vc_column][vc_column width=&#8221;1\/3&#8243;][\/vc_column][vc_column width=&#8221;1\/3&#8243;][\/vc_column][\/vc_row][vc_row][vc_column width=&#8221;1\/2&#8243;][vc_empty_space height=&#8221;20px&#8221;][vc_single_image image=&#8221;44738&#8243; img_size=&#8221;full&#8221; alignment=&#8221;center&#8221; style=&#8221;vc_box_shadow_3d&#8221; css=&#8221;&#8221;][\/vc_column][vc_column width=&#8221;1\/2&#8243;][vc_empty_space height=&#8221;40px&#8221;][vc_column_text css=&#8221;&#8221;] Despre noi &nbsp; TI Suerom Auto acord\u0103 o importan\u021b\u0103 deosebit\u0103 calit\u0103\u021bii. Interesul nostru pe termen lung este identic cu interesul clien\u021bilor: produse \u0219i servicii de cea mai bun\u0103&hellip;<\/p>\n","protected":false},"author":1,"featured_media":44091,"parent":0,"menu_order":10,"comment_status":"closed","ping_status":"closed","template":"","meta":{"footnotes":""},"class_list":["post-30260","page","type-page","status-publish","has-post-thumbnail","hentry","description-off"],"_links":{"self":[{"href":"https:\/\/renaultcluj.ro\/renault-cluj\/wp-json\/wp\/v2\/pages\/30260","targetHints":{"allow":["GET"]}}],"collection":[{"href":"https:\/\/renaultcluj.ro\/renault-cluj\/wp-json\/wp\/v2\/pages"}],"about":[{"href":"https:\/\/renaultcluj.ro\/renault-cluj\/wp-json\/wp\/v2\/types\/page"}],"author":[{"embeddable":true,"href":"https:\/\/renaultcluj.ro\/renault-cluj\/wp-json\/wp\/v2\/users\/1"}],"replies":[{"embeddable":true,"href":"https:\/\/renaultcluj.ro\/renault-cluj\/wp-json\/wp\/v2\/comments?post=30260"}],"version-history":[{"count":145,"href":"https:\/\/renaultcluj.ro\/renault-cluj\/wp-json\/wp\/v2\/pages\/30260\/revisions"}],"predecessor-version":[{"id":45053,"href":"https:\/\/renaultcluj.ro\/renault-cluj\/wp-json\/wp\/v2\/pages\/30260\/revisions\/45053"}],"wp:featuredmedia":[{"embeddable":true,"href":"https:\/\/renaultcluj.ro\/renault-cluj\/wp-json\/wp\/v2\/media\/44091"}],"wp:attachment":[{"href":"https:\/\/renaultcluj.ro\/renault-cluj\/wp-json\/wp\/v2\/media?parent=30260"}],"curies":[{"name":"wp","href":"https:\/\/api.w.org\/{rel}","templated":true}]}}